{"id":169,"date":"2025-05-01T20:11:23","date_gmt":"2025-05-01T20:11:23","guid":{"rendered":"https:\/\/www.akybez.cz\/?page_id=169"},"modified":"2025-05-26T15:27:53","modified_gmt":"2025-05-26T15:27:53","slug":"o-fondu","status":"publish","type":"page","link":"https:\/\/www.akybez.cz\/?page_id=169","title":{"rendered":"O fondu"},"content":{"rendered":"<p>[et_pb_section fb_built=&#8220;1&#8243; admin_label=&#8220;Header&#8220; _builder_version=&#8220;4.27.4&#8243; _module_preset=&#8220;default&#8220; background_enable_color=&#8220;off&#8220; background_image=&#8220;https:\/\/www.akybez.cz\/wp-content\/uploads\/2025\/05\/AKYBEZ-web-header-HP-mobil-1.png&#8220; width=&#8220;1989px&#8220; width_tablet=&#8220;1920px&#8220; width_phone=&#8220;1920px&#8220; width_last_edited=&#8220;on|phone&#8220; max_width=&#8220;100%&#8220; max_width_tablet=&#8220;100%&#8220; max_width_phone=&#8220;100%&#8220; max_width_last_edited=&#8220;on|desktop&#8220; custom_padding=&#8220;107px||4px|||&#8220; global_colors_info=&#8220;{}&#8220;][et_pb_row column_structure=&#8220;1_2,1_2&#8243; _builder_version=&#8220;4.27.4&#8243; _module_preset=&#8220;default&#8220; max_width=&#8220;900px&#8220; max_width_tablet=&#8220;&#8220; max_width_phone=&#8220;&#8220; max_width_last_edited=&#8220;on|tablet&#8220; custom_margin=&#8220;0px|auto||auto|false|false&#8220; custom_padding=&#8220;0px||78px||false|false&#8220; global_colors_info=&#8220;{}&#8220;][et_pb_column type=&#8220;1_2&#8243; _builder_version=&#8220;4.27.4&#8243; _module_preset=&#8220;default&#8220; z_index=&#8220;10&#8243; custom_padding=&#8220;||||false|false&#8220; global_colors_info=&#8220;{}&#8220;][et_pb_text _builder_version=&#8220;4.27.4&#8243; _module_preset=&#8220;e864d11f-3dab-4fa3-ac06-4f0e1a260807&#8243; text_font=&#8220;Readex Pro|300|||||||&#8220; text_text_color=&#8220;#086788&#8243; text_font_size=&#8220;55px&#8220; text_line_height=&#8220;1.3em&#8220; header_font=&#8220;Barlow Condensed|500|||||||&#8220; header_text_color=&#8220;#FFFFFF&#8220; header_font_size=&#8220;140px&#8220; custom_margin=&#8220;-10px||0px||false|false&#8220; header_font_size_tablet=&#8220;42px&#8220; header_font_size_phone=&#8220;26px&#8220; header_font_size_last_edited=&#8220;on|tablet&#8220; global_colors_info=&#8220;{}&#8220;]<\/p>\n<p>O fondu<\/p>\n<p>[\/et_pb_text][\/et_pb_column][et_pb_column type=&#8220;1_2&#8243; _builder_version=&#8220;4.27.4&#8243; _module_preset=&#8220;default&#8220; global_colors_info=&#8220;{}&#8220;][\/et_pb_column][\/et_pb_row][\/et_pb_section][et_pb_section fb_built=&#8220;1&#8243; admin_label=&#8220;Services&#8220; _builder_version=&#8220;4.27.4&#8243; _module_preset=&#8220;default&#8220; background_color=&#8220;#fbfbfb&#8220; background_enable_image=&#8220;off&#8220; background_size=&#8220;custom&#8220; background_image_width=&#8220;35%&#8220; custom_margin=&#8220;-8px|||||&#8220; custom_padding=&#8220;3px||||false|false&#8220; locked=&#8220;off&#8220; global_colors_info=&#8220;{}&#8220;][et_pb_row custom_padding_last_edited=&#8220;on|tablet&#8220; _builder_version=&#8220;4.27.4&#8243; _module_preset=&#8220;default&#8220; background_enable_image=&#8220;off&#8220; custom_margin=&#8220;50px|auto|50px|110px|false|false&#8220; custom_margin_tablet=&#8220;|||40px|false|false&#8220; custom_margin_phone=&#8220;|||20px|false|false&#8220; custom_margin_last_edited=&#8220;on|phone&#8220; custom_padding=&#8220;2px|85px||0px|false|false&#8220; custom_padding_tablet=&#8220;0px|0px|||false|false&#8220; custom_padding_phone=&#8220;0px|0px|||false|false&#8220; border_width_left=&#8220;2px&#8220; border_color_left=&#8220;#06aed5&#8243; global_colors_info=&#8220;{}&#8220;][et_pb_column type=&#8220;4_4&#8243; _builder_version=&#8220;4.27.4&#8243; _module_preset=&#8220;default&#8220; custom_padding=&#8220;0px||0px|28px|false|false&#8220; custom_padding_tablet=&#8220;|30px||30px|true|true&#8220; custom_padding_phone=&#8220;76px|20px|76px|20px|true|true&#8220; custom_padding_last_edited=&#8220;on|phone&#8220; border_color_all=&#8220;#DB0EB7&#8243; border_color_left=&#8220;#06aed5&#8243; global_colors_info=&#8220;{}&#8220;][et_pb_text _builder_version=&#8220;4.27.4&#8243; _module_preset=&#8220;5ff55506-da7d-4dd7-b409-9d62c7203201&#8243; text_font=&#8220;Readex Pro|300|||||||&#8220; text_text_color=&#8220;#086788&#8243; text_font_size=&#8220;34px&#8220; text_line_height=&#8220;1.4em&#8220; custom_padding=&#8220;|32px||0px|false|false&#8220; text_font_size_tablet=&#8220;15px&#8220; text_font_size_phone=&#8220;14px&#8220; text_font_size_last_edited=&#8220;on|phone&#8220; header_font_size_tablet=&#8220;55px&#8220; header_font_size_last_edited=&#8220;off|desktop&#8220; border_color_left=&#8220;#06aed5&#8243; locked=&#8220;off&#8220; global_colors_info=&#8220;{}&#8220;]<\/p>\n<p>Pro\u010d byl Nada\u010dn\u00ed fond AKYBEZ zalo\u017een?<\/p>\n<p>[\/et_pb_text][et_pb_text _builder_version=&#8220;4.27.4&#8243; _module_preset=&#8220;5ff55506-da7d-4dd7-b409-9d62c7203201&#8243; text_font=&#8220;Roboto|300|||||||&#8220; text_text_color=&#8220;#086788&#8243; text_font_size=&#8220;16px&#8220; text_line_height=&#8220;1.4em&#8220; width=&#8220;81.6%&#8220; custom_padding=&#8220;|6px||0px|false|false&#8220; text_font_size_tablet=&#8220;15px&#8220; text_font_size_phone=&#8220;14px&#8220; text_font_size_last_edited=&#8220;on|phone&#8220; header_font_size_tablet=&#8220;55px&#8220; header_font_size_last_edited=&#8220;off|desktop&#8220; border_color_left=&#8220;#06aed5&#8243; locked=&#8220;off&#8220; global_colors_info=&#8220;{}&#8220;]<\/p>\n<p>Nada\u010dn\u00ed fond Akademie kybernetick\u00e9 bezpe\u010dnosti byl zalo\u017een v roce 2025 jako reakce na dynamicky se vyv\u00edjej\u00edc\u00ed digit\u00e1ln\u00ed sv\u011bt, kter\u00fd se st\u00e1v\u00e1 st\u00e1le v\u00edce propojen\u00fdm, a t\u00edm i zraniteln\u00fdm. Zakladateli fondu jsou t\u0159i osobnosti s bohat\u00fdmi zku\u0161enostmi z oblasti informa\u010dn\u00edch technologi\u00ed, ve\u0159ejn\u00e9 spr\u00e1vy a kybernetick\u00e9 bezpe\u010dnosti \u2013 Karel Dobe\u0161, Martin Tr\u00e1vn\u00ed\u010dek a Jaroslav Strouhal. Spole\u010dn\u011b si dali za c\u00edl vytvo\u0159it platformu, kter\u00e1 bude aktivn\u011b p\u0159isp\u00edvat k vy\u0161\u0161\u00ed odolnosti \u010cesk\u00e9 republiky v digit\u00e1ln\u00edm prostoru a sou\u010dasn\u011b bude podporovat vzd\u011bl\u00e1v\u00e1n\u00ed a rozvoj talent\u016f, bez nich\u017e se modern\u00ed bezpe\u010dnostn\u00ed strategie neobejde.<\/p>\n<p>Fond vznikl z p\u0159esv\u011bd\u010den\u00ed, \u017ee kybernetick\u00e1 bezpe\u010dnost nen\u00ed jen technologick\u00fdm t\u00e9matem pro \u00fazk\u00fd okruh specialist\u016f, ale z\u00e1sadn\u00ed sou\u010d\u00e1st\u00ed fungov\u00e1n\u00ed cel\u00e9 spole\u010dnosti \u2013 od b\u011b\u017en\u00fdch ob\u010dan\u016f p\u0159es firmy a\u017e po st\u00e1tn\u00ed instituce. Jeho posl\u00e1n\u00edm je proto nejen podpora v\u00fdzkumu a inovac\u00ed, ale tak\u00e9 osv\u011bta a propojov\u00e1n\u00ed r\u016fzn\u00fdch sektor\u016f \u2013 akademick\u00e9ho, st\u00e1tn\u00edho \u2028i soukrom\u00e9ho. D\u00edky tomu vznik\u00e1 prostor pro v\u00fdm\u011bnu zku\u0161enost\u00ed, sd\u00edlen\u00ed dobr\u00e9 praxe a vznik projekt\u016f s re\u00e1ln\u00fdm dopadem.<\/p>\n<p>Nada\u010dn\u00ed fond chce b\u00fdt mostem mezi vizion\u00e1\u0159i, odborn\u00edky, politiky a ve\u0159ejnost\u00ed. Usiluje o to, aby se \u010cesk\u00e1 republika stala l\u00eddrem v oblasti kybernetick\u00e9 bezpe\u010dnosti, a to nejen z pohledu obrany proti hrozb\u00e1m, ale i jako inspirativn\u00ed a inova\u010dn\u00ed zem\u011b, kter\u00e1 um\u00ed nejen efektivn\u011b vyu\u017e\u00edvat nov\u00e9 technologie, ale p\u0159itom i chr\u00e1nit sv\u00e9 hodnoty a data. Proto fond po\u0159\u00e1d\u00e1 odborn\u00e9 konference, sout\u011b\u017ee, hackathony, ud\u011bluje granty a ka\u017edoro\u010dn\u011b oce\u0148uje osobnosti a instituce, kter\u00e9 v\u00fdrazn\u011b p\u0159isp\u011bly k rozvoji \u010desk\u00e9 kyberbezpe\u010dnosti.<\/p>\n<p>C\u00edlem fondu nen\u00ed pouze reagovat na sou\u010dasn\u00e9 v\u00fdzvy, ale tak\u00e9 z\u00e1sadn\u011b p\u0159isp\u00edvat \u2028k budouc\u00edmu v\u00fdvoj. Dlouhodobou ambic\u00ed je podporovat v\u00fdchovu nov\u00e9 generace odborn\u00edk\u016f, podporovat mezioborovou spolupr\u00e1ci a p\u0159in\u00e1\u0161et konkr\u00e9tn\u00ed \u0159e\u0161en\u00ed, kter\u00e1 pomohou budovat digit\u00e1ln\u011b odolnou spole\u010dnost. Fond proto v\u00edt\u00e1 spolupr\u00e1ci s ka\u017ed\u00fdm, komu nen\u00ed budoucnost digit\u00e1ln\u00edho prostoru lhostejn\u00e1 \u2013 a\u0165 u\u017e jste student, v\u011bdec, podnikatel, nebo z\u00e1stupce ve\u0159ejn\u00e9 spr\u00e1vy.<\/p>\n<p>Akademie kybernetick\u00e9 bezpe\u010dnosti je otev\u0159en\u00e1, transparentn\u00ed a progresivn\u00ed iniciativa. V\u011b\u0159\u00edme, \u017ee spole\u010dn\u011b dok\u00e1\u017eeme vytvo\u0159it bezpe\u010dn\u011bj\u0161\u00ed digit\u00e1ln\u00ed budoucnost pro n\u00e1s v\u0161echny.<\/p>\n<p>[\/et_pb_text][\/et_pb_column][\/et_pb_row][\/et_pb_section][et_pb_section fb_built=&#8220;1&#8243; admin_label=&#8220;Footer&#8220; _builder_version=&#8220;4.27.4&#8243; _module_preset=&#8220;default&#8220; background_color=&#8220;#086788&#8243; global_colors_info=&#8220;{}&#8220;][et_pb_row column_structure=&#8220;3_5,1_5,1_5&#8243; _builder_version=&#8220;4.16&#8243; _module_preset=&#8220;default&#8220; global_colors_info=&#8220;{}&#8220;][et_pb_column type=&#8220;3_5&#8243; _builder_version=&#8220;4.16&#8243; _module_preset=&#8220;default&#8220; global_colors_info=&#8220;{}&#8220;][et_pb_image src=&#8220;https:\/\/www.akybez.cz\/wp-content\/uploads\/2025\/05\/Horizontalni-text-Svetla-1.png&#8220; title_text=&#8220;Horizontalni text Svetla 1&#8243; _builder_version=&#8220;4.27.4&#8243; _module_preset=&#8220;default&#8220; custom_margin=&#8220;||0px||false|false&#8220; global_colors_info=&#8220;{}&#8220;][\/et_pb_image][et_pb_text _builder_version=&#8220;4.27.4&#8243; _module_preset=&#8220;5ff55506-da7d-4dd7-b409-9d62c7203201&#8243; text_font=&#8220;Archivo||||||||&#8220; text_text_color=&#8220;#FFFFFF&#8220; text_font_size=&#8220;16px&#8220; text_line_height=&#8220;1.8em&#8220; hover_enabled=&#8220;0&#8243; text_font_size_tablet=&#8220;15px&#8220; text_font_size_phone=&#8220;14px&#8220; text_font_size_last_edited=&#8220;on|phone&#8220; header_font_size_tablet=&#8220;55px&#8220; header_font_size_last_edited=&#8220;off|desktop&#8220; global_colors_info=&#8220;{}&#8220; sticky_enabled=&#8220;0&#8243;]<img loading=\"lazy\" decoding=\"async\" src=\"https:\/\/www.akybez.cz\/wp-content\/uploads\/2025\/05\/AKYBEZ-web-adresa-1.png\" width=\"21\" height=\"22\" alt=\"\" class=\"wp-image-128 alignnone size-full\" \/><span style=\"text-decoration: underline;\">\u00a0 Ocel\u00e1\u0159sk\u00e1 35\/1354, Praha 9, 190 00.<\/span><\/p>\n<p><span style=\"text-decoration: underline;\"><img loading=\"lazy\" decoding=\"async\" src=\"https:\/\/www.akybez.cz\/wp-content\/uploads\/2025\/05\/AKYBEZ-web-adresa1.png\" width=\"21\" height=\"22\" alt=\"\" class=\"wp-image-129 alignnone size-full\" \/> <span style=\"color: #ffffff; text-decoration: underline;\"><a href=\"mailto:info@akybez.cz\" style=\"color: #ffffff; text-decoration: underline;\">info@akybez.cz<\/a><\/span><\/span><\/p>\n<p><span style=\"text-decoration: underline;\"><span style=\"color: #ffffff; text-decoration: underline;\"> <img loading=\"lazy\" decoding=\"async\" src=\"https:\/\/www.akybez.cz\/wp-content\/uploads\/2025\/05\/AKYBEZ-web-adresa2.png\" width=\"21\" height=\"22\" alt=\"\" class=\"wp-image-130 alignnone size-full\" \/> 777 666 555<\/span><br \/>\n<\/span>[\/et_pb_text][\/et_pb_column][et_pb_column type=&#8220;1_5&#8243; _builder_version=&#8220;4.16&#8243; _module_preset=&#8220;default&#8220; global_colors_info=&#8220;{}&#8220;][et_pb_social_media_follow _builder_version=&#8220;4.27.4&#8243; _module_preset=&#8220;default&#8220; custom_margin=&#8220;66px||||false|false&#8220; global_colors_info=&#8220;{}&#8220;][et_pb_social_media_follow_network social_network=&#8220;instagram&#8220; _builder_version=&#8220;4.27.4&#8243; _module_preset=&#8220;default&#8220; background_color=&#8220;#ea2c59&#8243; global_colors_info=&#8220;{}&#8220; follow_button=&#8220;off&#8220; url_new_window=&#8220;on&#8220;]instagram[\/et_pb_social_media_follow_network][et_pb_social_media_follow_network social_network=&#8220;twitter&#8220; _builder_version=&#8220;4.27.4&#8243; _module_preset=&#8220;default&#8220; background_color=&#8220;#000000&#8243; global_colors_info=&#8220;{}&#8220; follow_button=&#8220;off&#8220; url_new_window=&#8220;on&#8220;]X[\/et_pb_social_media_follow_network][et_pb_social_media_follow_network social_network=&#8220;facebook&#8220; _builder_version=&#8220;4.27.4&#8243; _module_preset=&#8220;default&#8220; background_color=&#8220;#3b5998&#8243; global_colors_info=&#8220;{}&#8220; follow_button=&#8220;off&#8220; url_new_window=&#8220;on&#8220;]facebook[\/et_pb_social_media_follow_network][\/et_pb_social_media_follow][\/et_pb_column][et_pb_column type=&#8220;1_5&#8243; _builder_version=&#8220;4.16&#8243; _module_preset=&#8220;default&#8220; global_colors_info=&#8220;{}&#8220;][et_pb_menu active_link_color=&#8220;#E02B20&#8243; _builder_version=&#8220;4.27.4&#8243; _module_preset=&#8220;default&#8220; menu_font=&#8220;Roboto Condensed|700||on|||||&#8220; menu_text_color=&#8220;#FFFFFF&#8220; menu_font_size=&#8220;16px&#8220; background_color=&#8220;RGBA(255,255,255,0)&#8220; background_layout=&#8220;dark&#8220; global_colors_info=&#8220;{}&#8220;][\/et_pb_menu][\/et_pb_column][\/et_pb_row][\/et_pb_section]<\/p>\n","protected":false},"excerpt":{"rendered":"<p>O fonduPro\u010d byl Nada\u010dn\u00ed fond AKYBEZ zalo\u017een?Nada\u010dn\u00ed fond Akademie kybernetick\u00e9 bezpe\u010dnosti byl zalo\u017een v roce 2025 jako reakce na dynamicky se vyv\u00edjej\u00edc\u00ed digit\u00e1ln\u00ed sv\u011bt, kter\u00fd se st\u00e1v\u00e1 st\u00e1le v\u00edce propojen\u00fdm, a t\u00edm i zraniteln\u00fdm. Zakladateli fondu jsou t\u0159i osobnosti s bohat\u00fdmi zku\u0161enostmi z oblasti informa\u010dn\u00edch technologi\u00ed, ve\u0159ejn\u00e9 spr\u00e1vy a kybernetick\u00e9 bezpe\u010dnosti \u2013 Karel Dobe\u0161, Martin [&hellip;]<\/p>\n","protected":false},"author":1,"featured_media":0,"parent":0,"menu_order":0,"comment_status":"closed","ping_status":"closed","template":"","meta":{"_et_pb_use_builder":"on","_et_pb_old_content":"","_et_gb_content_width":"","footnotes":""},"class_list":["post-169","page","type-page","status-publish","hentry"],"_links":{"self":[{"href":"https:\/\/www.akybez.cz\/index.php?rest_route=\/wp\/v2\/pages\/169","targetHints":{"allow":["GET"]}}],"collection":[{"href":"https:\/\/www.akybez.cz\/index.php?rest_route=\/wp\/v2\/pages"}],"about":[{"href":"https:\/\/www.akybez.cz\/index.php?rest_route=\/wp\/v2\/types\/page"}],"author":[{"embeddable":true,"href":"https:\/\/www.akybez.cz\/index.php?rest_route=\/wp\/v2\/users\/1"}],"replies":[{"embeddable":true,"href":"https:\/\/www.akybez.cz\/index.php?rest_route=%2Fwp%2Fv2%2Fcomments&post=169"}],"version-history":[{"count":13,"href":"https:\/\/www.akybez.cz\/index.php?rest_route=\/wp\/v2\/pages\/169\/revisions"}],"predecessor-version":[{"id":436,"href":"https:\/\/www.akybez.cz\/index.php?rest_route=\/wp\/v2\/pages\/169\/revisions\/436"}],"wp:attachment":[{"href":"https:\/\/www.akybez.cz\/index.php?rest_route=%2Fwp%2Fv2%2Fmedia&parent=169"}],"curies":[{"name":"wp","href":"https:\/\/api.w.org\/{rel}","templated":true}]}}